{"id":917,"date":"2025-06-29T13:25:54","date_gmt":"2025-06-29T11:25:54","guid":{"rendered":"https:\/\/thatsmagic.nl\/?post_type=product&#038;p=917"},"modified":"2025-07-27T21:24:34","modified_gmt":"2025-07-27T19:24:34","slug":"hans-kazan-de-man-die-bijna-alles-kan","status":"publish","type":"product","link":"https:\/\/thatsmagic.nl\/en\/product\/hans-kazan-de-man-die-bijna-alles-kan\/","title":{"rendered":"Hans Kaz\u00e0n, de man die bijna alles kan."},"content":{"rendered":"<p><span style=\"font-size: 16px\">Al op jonge leeftijd besloot Hans Marten Mulders (1953) door het leven te gaan als Hans Kaz\u00e0n. Zijn passie voor de goochelkunst was de enige stabiele factor in een onstuimige jeugd, waarin de vechtscheiding van zijn ouders veel leed veroorzaakte. Hans werd gelukkig toen hij zijn droomvrouw leerde kennen: Wendy Schouw. Na een valse start in het leven volgden een gelukkig gezinsleven en een glansrijke goochelcarri\u00e8re op televisie en in het theater. Het verhaal van Hans Kaz\u00e0n is het verhaal van een aimabele goochelkoning op zoek naar harmonie, een verhaal over vallen en opstaan: gebogen, maar niet gebroken. Hans Kaz\u00e0n kreeg landelijke bekendheid door zijn tv-optredens in Martin Brozius\u2019 Ren je rot. Hij werd vaste gast in de Nederlandse huiskamer als gezicht van onder meer De Blufshow en Prijzenslag. Bij RTL presenteerde Kaz\u00e0n goochelprogramma\u2019s en zette dat samen met zijn kinderen \u2013 Magic Unlimited \u2013 voort bij de Tros. Ter ere van de 70ste verjaardag en het 50-jarig artiestenjubileum van Nederlands bekendste goochelaar schreef Michel van Zeist de geautoriseerde biografie Hans Kaz\u00e0n, de man die bijna alles kan. Met medewerking van onder anderen familie Kaz\u00e0n, Hans Klok, Andr\u00e9 van Duin, Tineke Schouten, Henny Huisman, Aad van Toor, Ben Cramer, Paul Groot, Antje Monteiro, Ruud Hendriks en Gerard Baars.<\/span><\/p>\n<p>(This Book is about a Dutch Magician, written in the Dutch Language.)<\/p>\n<p><img fetchpriority=\"high\" decoding=\"async\" class=\"size-medium wp-image-920\" title=\"Hans Kazan boek achterkant\" src=\"https:\/\/thatsmagic.nl\/wp-content\/uploads\/2025\/06\/Hans-Kazan-boek-achterkant-201x300.jpg\" alt=\"Hans Kazan boek achterkant\" width=\"201\" height=\"300\" srcset=\"https:\/\/thatsmagic.nl\/wp-content\/uploads\/2025\/06\/Hans-Kazan-boek-achterkant-201x300.jpg 201w, https:\/\/thatsmagic.nl\/wp-content\/uploads\/2025\/06\/Hans-Kazan-boek-achterkant.jpg 500w\" sizes=\"(max-width: 201px) 100vw, 201px\" \/><\/p>\n","protected":false},"excerpt":{"rendered":"<p>Biografie Hans Kaz\u00e0n.<\/p>\n","protected":false},"featured_media":926,"comment_status":"closed","ping_status":"closed","template":"","meta":{"_acf_changed":false,"inline_featured_image":false},"product_brand":[],"product_cat":[40],"product_tag":[],"class_list":{"0":"post-917","1":"product","2":"type-product","3":"status-publish","4":"has-post-thumbnail","6":"product_cat-books","8":"first","9":"instock","10":"taxable","11":"shipping-taxable","12":"purchasable","13":"product-type-simple"},"acf":[],"yoast_head":"<!-- This site is optimized with the Yoast SEO plugin v26.3 - https:\/\/yoast.com\/wordpress\/plugins\/seo\/ -->\n<title>Hans Kaz\u00e0n, de man die bijna alles kan. - ThatsMagic.NL<\/title>\n<meta name=\"description\" content=\"De geautoriseerde biografie van Hans Kaz\u00e0n geschreven door Michel van Zeist in de Nederlands taal\" \/>\n<meta name=\"robots\" content=\"index, follow, max-snippet:-1, max-image-preview:large, max-video-preview:-1\" \/>\n<link rel=\"canonical\" href=\"https:\/\/thatsmagic.nl\/en\/product\/hans-kazan-de-man-die-bijna-alles-kan\/\" \/>\n<meta property=\"og:locale\" content=\"en_US\" \/>\n<meta property=\"og:type\" content=\"article\" \/>\n<meta property=\"og:title\" content=\"Hans Kaz\u00e0n, de man die bijna alles kan. - ThatsMagic.NL\" \/>\n<meta property=\"og:description\" content=\"De geautoriseerde biografie van Hans Kaz\u00e0n geschreven door Michel van Zeist in de Nederlands taal\" \/>\n<meta property=\"og:url\" content=\"https:\/\/thatsmagic.nl\/en\/product\/hans-kazan-de-man-die-bijna-alles-kan\/\" \/>\n<meta property=\"og:site_name\" content=\"ThatsMagic.NL\" \/>\n<meta property=\"article:modified_time\" content=\"2025-07-27T19:24:34+00:00\" \/>\n<meta property=\"og:image\" content=\"https:\/\/thatsmagic.nl\/wp-content\/uploads\/2025\/07\/thatsmagic-zw-logo-vierkant.jpg\" \/>\n\t<meta property=\"og:image:width\" content=\"500\" \/>\n\t<meta property=\"og:image:height\" content=\"500\" \/>\n\t<meta property=\"og:image:type\" content=\"image\/jpeg\" \/>\n<meta name=\"twitter:card\" content=\"summary_large_image\" \/>\n<meta name=\"twitter:label1\" content=\"Est. reading time\" \/>\n\t<meta name=\"twitter:data1\" content=\"2 minutes\" \/>\n<script type=\"application\/ld+json\" class=\"yoast-schema-graph\">{\"@context\":\"https:\/\/schema.org\",\"@graph\":[{\"@type\":\"WebPage\",\"@id\":\"https:\/\/thatsmagic.nl\/en\/product\/hans-kazan-de-man-die-bijna-alles-kan\/\",\"url\":\"https:\/\/thatsmagic.nl\/en\/product\/hans-kazan-de-man-die-bijna-alles-kan\/\",\"name\":\"Hans Kaz\u00e0n, de man die bijna alles kan. - ThatsMagic.NL\",\"isPartOf\":{\"@id\":\"https:\/\/thatsmagic.nl\/en\/#website\"},\"primaryImageOfPage\":{\"@id\":\"https:\/\/thatsmagic.nl\/en\/product\/hans-kazan-de-man-die-bijna-alles-kan\/#primaryimage\"},\"image\":{\"@id\":\"https:\/\/thatsmagic.nl\/en\/product\/hans-kazan-de-man-die-bijna-alles-kan\/#primaryimage\"},\"thumbnailUrl\":\"https:\/\/thatsmagic.nl\/wp-content\/uploads\/2025\/06\/Hans-Kazan-Boek-icoon-1-pdf.jpg\",\"datePublished\":\"2025-06-29T11:25:54+00:00\",\"dateModified\":\"2025-07-27T19:24:34+00:00\",\"description\":\"De geautoriseerde biografie van Hans Kaz\u00e0n geschreven door Michel van Zeist in de Nederlands taal\",\"breadcrumb\":{\"@id\":\"https:\/\/thatsmagic.nl\/en\/product\/hans-kazan-de-man-die-bijna-alles-kan\/#breadcrumb\"},\"inLanguage\":\"en-US\",\"potentialAction\":[{\"@type\":\"ReadAction\",\"target\":[\"https:\/\/thatsmagic.nl\/en\/product\/hans-kazan-de-man-die-bijna-alles-kan\/\"]}]},{\"@type\":\"ImageObject\",\"inLanguage\":\"en-US\",\"@id\":\"https:\/\/thatsmagic.nl\/en\/product\/hans-kazan-de-man-die-bijna-alles-kan\/#primaryimage\",\"url\":\"https:\/\/thatsmagic.nl\/wp-content\/uploads\/2025\/06\/Hans-Kazan-Boek-icoon-1-pdf.jpg\",\"contentUrl\":\"https:\/\/thatsmagic.nl\/wp-content\/uploads\/2025\/06\/Hans-Kazan-Boek-icoon-1-pdf.jpg\"},{\"@type\":\"BreadcrumbList\",\"@id\":\"https:\/\/thatsmagic.nl\/en\/product\/hans-kazan-de-man-die-bijna-alles-kan\/#breadcrumb\",\"itemListElement\":[{\"@type\":\"ListItem\",\"position\":1,\"name\":\"Home\",\"item\":\"https:\/\/thatsmagic.nl\/en\/home\/\"},{\"@type\":\"ListItem\",\"position\":2,\"name\":\"Shop\",\"item\":\"https:\/\/thatsmagic.nl\/winkel\/\"},{\"@type\":\"ListItem\",\"position\":3,\"name\":\"Hans Kaz\u00e0n, de man die bijna alles kan.\"}]},{\"@type\":\"WebSite\",\"@id\":\"https:\/\/thatsmagic.nl\/en\/#website\",\"url\":\"https:\/\/thatsmagic.nl\/en\/\",\"name\":\"ThatsMagic.NL\",\"description\":\"Waar de verwondering Begint!\",\"publisher\":{\"@id\":\"https:\/\/thatsmagic.nl\/en\/#organization\"},\"potentialAction\":[{\"@type\":\"SearchAction\",\"target\":{\"@type\":\"EntryPoint\",\"urlTemplate\":\"https:\/\/thatsmagic.nl\/en\/?s={search_term_string}\"},\"query-input\":{\"@type\":\"PropertyValueSpecification\",\"valueRequired\":true,\"valueName\":\"search_term_string\"}}],\"inLanguage\":\"en-US\"},{\"@type\":\"Organization\",\"@id\":\"https:\/\/thatsmagic.nl\/en\/#organization\",\"name\":\"That's Magic\",\"url\":\"https:\/\/thatsmagic.nl\/en\/\",\"logo\":{\"@type\":\"ImageObject\",\"inLanguage\":\"en-US\",\"@id\":\"https:\/\/thatsmagic.nl\/en\/#\/schema\/logo\/image\/\",\"url\":\"https:\/\/thatsmagic.nl\/wp-content\/uploads\/2025\/05\/thats-magic-logo-icon.png\",\"contentUrl\":\"https:\/\/thatsmagic.nl\/wp-content\/uploads\/2025\/05\/thats-magic-logo-icon.png\",\"width\":815,\"height\":902,\"caption\":\"That's Magic\"},\"image\":{\"@id\":\"https:\/\/thatsmagic.nl\/en\/#\/schema\/logo\/image\/\"}}]}<\/script>\n<!-- \/ Yoast SEO plugin. -->","yoast_head_json":{"title":"Hans Kaz\u00e0n, de man die bijna alles kan. - ThatsMagic.NL","description":"De geautoriseerde biografie van Hans Kaz\u00e0n geschreven door Michel van Zeist in de Nederlands taal","robots":{"index":"index","follow":"follow","max-snippet":"max-snippet:-1","max-image-preview":"max-image-preview:large","max-video-preview":"max-video-preview:-1"},"canonical":"https:\/\/thatsmagic.nl\/en\/product\/hans-kazan-de-man-die-bijna-alles-kan\/","og_locale":"en_US","og_type":"article","og_title":"Hans Kaz\u00e0n, de man die bijna alles kan. - ThatsMagic.NL","og_description":"De geautoriseerde biografie van Hans Kaz\u00e0n geschreven door Michel van Zeist in de Nederlands taal","og_url":"https:\/\/thatsmagic.nl\/en\/product\/hans-kazan-de-man-die-bijna-alles-kan\/","og_site_name":"ThatsMagic.NL","article_modified_time":"2025-07-27T19:24:34+00:00","og_image":[{"width":500,"height":500,"url":"https:\/\/thatsmagic.nl\/wp-content\/uploads\/2025\/07\/thatsmagic-zw-logo-vierkant.jpg","type":"image\/jpeg"}],"twitter_card":"summary_large_image","twitter_misc":{"Est. reading time":"2 minutes"},"schema":{"@context":"https:\/\/schema.org","@graph":[{"@type":"WebPage","@id":"https:\/\/thatsmagic.nl\/en\/product\/hans-kazan-de-man-die-bijna-alles-kan\/","url":"https:\/\/thatsmagic.nl\/en\/product\/hans-kazan-de-man-die-bijna-alles-kan\/","name":"Hans Kaz\u00e0n, de man die bijna alles kan. - ThatsMagic.NL","isPartOf":{"@id":"https:\/\/thatsmagic.nl\/en\/#website"},"primaryImageOfPage":{"@id":"https:\/\/thatsmagic.nl\/en\/product\/hans-kazan-de-man-die-bijna-alles-kan\/#primaryimage"},"image":{"@id":"https:\/\/thatsmagic.nl\/en\/product\/hans-kazan-de-man-die-bijna-alles-kan\/#primaryimage"},"thumbnailUrl":"https:\/\/thatsmagic.nl\/wp-content\/uploads\/2025\/06\/Hans-Kazan-Boek-icoon-1-pdf.jpg","datePublished":"2025-06-29T11:25:54+00:00","dateModified":"2025-07-27T19:24:34+00:00","description":"De geautoriseerde biografie van Hans Kaz\u00e0n geschreven door Michel van Zeist in de Nederlands taal","breadcrumb":{"@id":"https:\/\/thatsmagic.nl\/en\/product\/hans-kazan-de-man-die-bijna-alles-kan\/#breadcrumb"},"inLanguage":"en-US","potentialAction":[{"@type":"ReadAction","target":["https:\/\/thatsmagic.nl\/en\/product\/hans-kazan-de-man-die-bijna-alles-kan\/"]}]},{"@type":"ImageObject","inLanguage":"en-US","@id":"https:\/\/thatsmagic.nl\/en\/product\/hans-kazan-de-man-die-bijna-alles-kan\/#primaryimage","url":"https:\/\/thatsmagic.nl\/wp-content\/uploads\/2025\/06\/Hans-Kazan-Boek-icoon-1-pdf.jpg","contentUrl":"https:\/\/thatsmagic.nl\/wp-content\/uploads\/2025\/06\/Hans-Kazan-Boek-icoon-1-pdf.jpg"},{"@type":"BreadcrumbList","@id":"https:\/\/thatsmagic.nl\/en\/product\/hans-kazan-de-man-die-bijna-alles-kan\/#breadcrumb","itemListElement":[{"@type":"ListItem","position":1,"name":"Home","item":"https:\/\/thatsmagic.nl\/en\/home\/"},{"@type":"ListItem","position":2,"name":"Shop","item":"https:\/\/thatsmagic.nl\/winkel\/"},{"@type":"ListItem","position":3,"name":"Hans Kaz\u00e0n, de man die bijna alles kan."}]},{"@type":"WebSite","@id":"https:\/\/thatsmagic.nl\/en\/#website","url":"https:\/\/thatsmagic.nl\/en\/","name":"ThatsMagic.NL","description":"Waar de verwondering Begint!","publisher":{"@id":"https:\/\/thatsmagic.nl\/en\/#organization"},"potentialAction":[{"@type":"SearchAction","target":{"@type":"EntryPoint","urlTemplate":"https:\/\/thatsmagic.nl\/en\/?s={search_term_string}"},"query-input":{"@type":"PropertyValueSpecification","valueRequired":true,"valueName":"search_term_string"}}],"inLanguage":"en-US"},{"@type":"Organization","@id":"https:\/\/thatsmagic.nl\/en\/#organization","name":"That's Magic","url":"https:\/\/thatsmagic.nl\/en\/","logo":{"@type":"ImageObject","inLanguage":"en-US","@id":"https:\/\/thatsmagic.nl\/en\/#\/schema\/logo\/image\/","url":"https:\/\/thatsmagic.nl\/wp-content\/uploads\/2025\/05\/thats-magic-logo-icon.png","contentUrl":"https:\/\/thatsmagic.nl\/wp-content\/uploads\/2025\/05\/thats-magic-logo-icon.png","width":815,"height":902,"caption":"That's Magic"},"image":{"@id":"https:\/\/thatsmagic.nl\/en\/#\/schema\/logo\/image\/"}}]}},"_links":{"self":[{"href":"https:\/\/thatsmagic.nl\/en\/wp-json\/wp\/v2\/product\/917","targetHints":{"allow":["GET"]}}],"collection":[{"href":"https:\/\/thatsmagic.nl\/en\/wp-json\/wp\/v2\/product"}],"about":[{"href":"https:\/\/thatsmagic.nl\/en\/wp-json\/wp\/v2\/types\/product"}],"replies":[{"embeddable":true,"href":"https:\/\/thatsmagic.nl\/en\/wp-json\/wp\/v2\/comments?post=917"}],"wp:featuredmedia":[{"embeddable":true,"href":"https:\/\/thatsmagic.nl\/en\/wp-json\/wp\/v2\/media\/926"}],"wp:attachment":[{"href":"https:\/\/thatsmagic.nl\/en\/wp-json\/wp\/v2\/media?parent=917"}],"wp:term":[{"taxonomy":"product_brand","embeddable":true,"href":"https:\/\/thatsmagic.nl\/en\/wp-json\/wp\/v2\/product_brand?post=917"},{"taxonomy":"product_cat","embeddable":true,"href":"https:\/\/thatsmagic.nl\/en\/wp-json\/wp\/v2\/product_cat?post=917"},{"taxonomy":"product_tag","embeddable":true,"href":"https:\/\/thatsmagic.nl\/en\/wp-json\/wp\/v2\/product_tag?post=917"}],"curies":[{"name":"wp","href":"https:\/\/api.w.org\/{rel}","templated":true}]}}